{"id":241,"date":"2021-08-25T09:33:52","date_gmt":"2021-08-25T09:33:52","guid":{"rendered":"http:\/\/lerntreff-nordenham.de\/?page_id=241"},"modified":"2024-01-20T18:06:43","modified_gmt":"2024-01-20T18:06:43","slug":"kostenlose-lernfoerderung","status":"publish","type":"page","link":"https:\/\/lerntreff-nordenham.de\/index.php\/kostenlose-lernfoerderung\/","title":{"rendered":"Kostenlose Lernf\u00f6rderung"},"content":{"rendered":"<p><img decoding=\"async\" src=\"\/wp-content\/uploads\/2021\/08\/photo-1491308056676-205b7c9a7dc1-scaled-1.png\" alt=\"\"><\/p>\n<h1>Kostenlose Lernf\u00f6rderung<\/h1>\n<div>\n<h3>Kostenloser Nachhilfeunterricht<\/h3>\n<div>\n<p>Wir bieten kostenlosen Unterricht f\u00fcr Kinder aus Familien, die Arbeitslosengeld, Sozialgeld, Wohngeld, Kinderzuschlag oder Asylbewerber-Leistungen erhalten.<\/p>\n<\/div>\n<\/div>\n<div>\n<h3>Sie brauchen Hilfe?<\/h3>\n<div>\n<p>Wir \u00fcbernehmen die komplette Antragstellung oder helfen beim Ausf\u00fcllen der Formulare. Die Formulare gibt es bei uns. Die Schule best\u00e4tigt dann ggf. den Bedarf und los geht&#8217;s mit dem Unterricht.<\/p>\n<\/div>\n<\/div>\n<p><img decoding=\"async\" src=\"\/wp-content\/uploads\/2021\/09\/bildungspaket_neu_klein.png\" alt=\"\"><br \/>\n<img decoding=\"async\" src=\"\/wp-content\/uploads\/2021\/09\/Bildungskarte.png\" alt=\"\"><\/p>\n<ul>\n<li>\n<h3>Qualifiziert und professionell<\/h3>\n<div>\n<p>Durch die qualifizierte fachliche Betreuung werden Schw\u00e4chen erkannt, so dass Defizite abgebaut und individuelle Lernstrategien vermittelt werden k\u00f6nnen \u2013 durch gezieltes \u00dcben werden die Sch\u00fcler\/-innen auf Klassenarbeiten vorbereitet.<\/p>\n<\/div>\n<\/li>\n<li>\n<h3>Kostenlose \u00dcbungsmaterialien<\/h3>\n<div>\n<p>Die Sch\u00fcler\/-innen bekommen von uns das neueste, aktuellste \u00dcbungsmaterial zur Verf\u00fcgung gestellt.<\/p>\n<\/div>\n<\/li>\n<li>\n<h3>Wir sind f\u00fcr Sie da<\/h3>\n<div>\n<p>Lassen Sie sich kostenlos und unverbindlich beraten!<\/p>\n<\/div>\n<p><a href=\"http:\/\/lerntreff-nordenham.de\/#kontakt\">Jetzt Kontakt aufnehmen<\/a><\/p>\n<\/li>\n<\/ul>\n<h1>Wie funktioniert die kostenlose Lernf\u00f6rderung?<\/h1>\n<div>\n<p>Kinder aus Familien, die staatliche Leistungen wie Arbeitslosengeld, Kinderzuschlag, Sozialgeld, Wohngeld, Sozialhilfe oder Asylbewerber-Leistungen bekommen, k\u00f6nnen eine kostenlose Lernf\u00f6rderung erhalten. Die Schule muss die Notwendigkeit best\u00e4tigen. Sind diese Voraussetzungen erf\u00fcllt und der Antrag wurde bewilligt, wird ihre Bildungskarte f\u00fcr die Lernf\u00f6rderung freigeschaltet. Die Karte legen Sie dann einfach beim Nachhilfeanbieter vor und die Kosten f\u00fcr den Unterricht werden vom Jobcenter oder Landkreis \u00fcbernommen. Wenn Sie m\u00f6chten, beraten und unterst\u00fctzen wir Sie w\u00e4hrend des kompletten Ablaufs &#8211; von der Antragsstellung bis zur rechtzeitigen Erinnerung an die Verl\u00e4ngerung, um Ihrem Kind die bestm\u00f6gliche Unterst\u00fctzung zu bieten.<\/p>\n<\/p>\n<p>Wenn Sie f\u00fcr Ihr Kind noch keine Leistungen aus Bildung und Teilhabe erhalten, k\u00f6nnen Sie sich <strong><a href=\"https:\/\/www.jobcenter-ge.de\/Jobcenter\/Wesermarsch\/DE\/Leistungen\/BildungTeilhabe\/bildung_node.html\">hier<\/a> <\/strong>informieren.<\/p>\n<\/div>\n<h2>Jetzt Kontakt aufnehmen<\/h2>\n<div>\n<p>Wenn Sie eine Kontaktaufnahme w\u00fcnschen, dann f\u00fcllen Sie bitte das Feedback-Formular aus und wir werden uns mit Ihnen in Verbindung setzen. Ihre Daten werden nur f\u00fcr die Beantwortung Ihrer Anfrage gespeichert. Mehr erfahren Sie in unserer <a href=\"#\">Datenschutzerkl\u00e4rung<\/a>.<\/p>\n<\/div>\n<div>\n\n<div class=\"wpcf7 no-js\" id=\"wpcf7-f133-o1\" lang=\"de-DE\" dir=\"ltr\" data-wpcf7-id=\"133\">\n<div class=\"screen-reader-response\"><p role=\"status\" aria-live=\"polite\" aria-atomic=\"true\"><\/p> <ul><\/ul><\/div>\n<form action=\"\/index.php\/wp-json\/wp\/v2\/pages\/241#wpcf7-f133-o1\" method=\"post\" class=\"wpcf7-form init\" aria-label=\"Kontaktformular\" novalidate=\"novalidate\" data-status=\"init\">\n<fieldset class=\"hidden-fields-container\"><input type=\"hidden\" name=\"_wpcf7\" value=\"133\" \/><input type=\"hidden\" name=\"_wpcf7_version\" value=\"6.1.5\" \/><input type=\"hidden\" name=\"_wpcf7_locale\" value=\"de_DE_formal\" \/><input type=\"hidden\" name=\"_wpcf7_unit_tag\" value=\"wpcf7-f133-o1\" \/><input type=\"hidden\" name=\"_wpcf7_container_post\" value=\"0\" \/><input type=\"hidden\" name=\"_wpcf7_posted_data_hash\" value=\"\" \/><input type=\"hidden\" name=\"_wpcf7_recaptcha_response\" value=\"\" \/>\n<\/fieldset>\n<p><label> Ihr Name<br \/>\n<span class=\"wpcf7-form-control-wrap\" data-name=\"your-name\"><input size=\"40\" maxlength=\"400\" class=\"wpcf7-form-control wpcf7-text wpcf7-validates-as-required\" aria-required=\"true\" aria-invalid=\"false\" value=\"\" type=\"text\" name=\"your-name\" \/><\/span> <\/label>\n<\/p>\n<p><label> Ihre E-Mail-Adresse<br \/>\n<span class=\"wpcf7-form-control-wrap\" data-name=\"your-email\"><input size=\"40\" maxlength=\"400\" class=\"wpcf7-form-control wpcf7-email wpcf7-validates-as-required wpcf7-text wpcf7-validates-as-email\" aria-required=\"true\" aria-invalid=\"false\" value=\"\" type=\"email\" name=\"your-email\" \/><\/span> <\/label>\n<\/p>\n<p><label> Telefon<br \/>\n<span class=\"wpcf7-form-control-wrap\" data-name=\"tel-467\"><input size=\"40\" maxlength=\"400\" class=\"wpcf7-form-control wpcf7-tel wpcf7-validates-as-required wpcf7-text wpcf7-validates-as-tel\" aria-required=\"true\" aria-invalid=\"false\" value=\"\" type=\"tel\" name=\"tel-467\" \/><\/span> <\/label>\n<\/p>\n<p><label> Klasse<br \/>\n<span class=\"wpcf7-form-control-wrap\" data-name=\"klasse\"><input size=\"40\" maxlength=\"400\" class=\"wpcf7-form-control wpcf7-text\" aria-invalid=\"false\" value=\"\" type=\"text\" name=\"klasse\" \/><\/span> <\/label>\n<\/p>\n<p><label> Schule<br \/>\n<span class=\"wpcf7-form-control-wrap\" data-name=\"schule\"><input size=\"40\" maxlength=\"400\" class=\"wpcf7-form-control wpcf7-text\" aria-invalid=\"false\" value=\"\" type=\"text\" name=\"schule\" \/><\/span> <\/label>\n<\/p>\n<p><label> Ihre Nachricht (optional)<br \/>\n<span class=\"wpcf7-form-control-wrap\" data-name=\"your-message\"><textarea cols=\"40\" rows=\"10\" maxlength=\"2000\" class=\"wpcf7-form-control wpcf7-textarea\" aria-invalid=\"false\" name=\"your-message\"><\/textarea><\/span> <\/label>\n<\/p>\n<p>Bitte nehmen Sie Kontakt zu mir auf:<br \/>\n<span class=\"wpcf7-form-control-wrap\" data-name=\"checkbox-377\"><span class=\"wpcf7-form-control wpcf7-checkbox wpcf7-validates-as-required\"><span class=\"wpcf7-list-item first\"><label><input type=\"checkbox\" name=\"checkbox-377[]\" value=\"per E-Mail\" \/><span class=\"wpcf7-list-item-label\">per E-Mail<\/span><\/label><\/span><span class=\"wpcf7-list-item last\"><label><input type=\"checkbox\" name=\"checkbox-377[]\" value=\"rufen Sie mich an\" \/><span class=\"wpcf7-list-item-label\">rufen Sie mich an<\/span><\/label><\/span><\/span><\/span>\n<\/p>\n<p><input class=\"wpcf7-form-control wpcf7-submit has-spinner\" type=\"submit\" value=\"Senden\" \/>\n<\/p><div class=\"wpcf7-response-output\" aria-hidden=\"true\"><\/div>\n<\/form>\n<\/div>\n\n<\/div>\n<div>\n<p>53.4879,8.4845<\/p>\n<h3>Lerntreff Nordenham<\/h3>\n<div>\n<p>Hafenstra\u00dfe 29<br \/>26954 Nordenham<\/p>\n<\/div>\n<p><a href=\"https:\/\/www.google.com\/maps\/place\/Lerntreff+Nachhilfe-Zentrum+Nordenham\/@53.4877935,8.4814628,17z\/data=!3m1!4b1!4m5!3m4!1s0x47b6b9d72ece4a6d:0x95e937044dd7f93f!8m2!3d53.4878504!4d8.4836538\">Zur Navigation<\/a><\/p>\n<\/div>\n<p><img decoding=\"async\" src=\"\/wp-content\/uploads\/2021\/08\/logo_lerntreff_gross_dunkel_2.png\" alt=\"\"><\/p>\n<div>\n<p><strong>Lerntreff &#8211; Das Nachhilfe-Zentrum in Nordenham<\/strong><br \/>Hafenstra\u00dfe 29, 26954 Nordenham<br \/>Telefon: 04731 \/ 24 83 42<br \/>Mail: <a href=\"mailto:info@lerntreff-nordenham.de\">info@lerntreff-nordenham.de<\/a><\/p>\n<p>Der Lerntreff liegt zentral in Nordenham in der N\u00e4he des Bahnhofs und zahlreicher Bushaltestellen.<\/p>\n<\/div>\n<p><!--more--><br \/>\n<!-- {\"name\":\"Product Specs\",\"type\":\"layout\",\"children\":[{\"name\":\"Hero\",\"type\":\"section\",\"props\":{\"width\":\"default\",\"style\":\"muted\",\"height\":\"full\",\"image_size\":\"cover\",\"image\":\"wp-content\\\/uploads\\\/2021\\\/08\\\/photo-1491308056676-205b7c9a7dc1-scaled-1.png\",\"animation\":\"fade\",\"image_position\":\"bottom-right\",\"vertical_align\":\"middle\",\"title_position\":\"top-left\",\"title_rotation\":\"left\",\"title_breakpoint\":\"xl\",\"image_width\":\"2560\",\"header_transparent\":\"dark\",\"media_visibility\":\"m\"},\"children\":[{\"type\":\"row\",\"children\":[{\"type\":\"column\",\"props\":{\"image_position\":\"center-center\",\"media_overlay_gradient\":\"\",\"position_sticky_breakpoint\":\"m\"},\"children\":[{\"type\":\"image\",\"props\":{\"margin\":\"default\",\"image_svg_color\":\"emphasis\",\"image\":\"wp-content\\\/uploads\\\/2021\\\/08\\\/photo-1491308056676-205b7c9a7dc1-scaled-1.png\",\"visibility\":\"hidden-m\",\"text_align\":\"center\"}}]}]},{\"type\":\"row\",\"children\":[{\"type\":\"column\",\"props\":{\"image_position\":\"center-center\",\"media_overlay_gradient\":\"\",\"position_sticky_breakpoint\":\"m\"},\"children\":[{\"name\":\"\",\"type\":\"headline\",\"props\":{\"title_element\":\"h1\",\"content\":\"Kostenlose Lernf\\u00f6rderung\",\"text_align\":\"left\",\"text_align_breakpoint\":\"m\",\"text_align_fallback\":\"center\",\"margin_remove_top\":false,\"title_style\":\"heading-medium\",\"margin\":\"large\"}}]}]},{\"name\":\"\",\"type\":\"row\",\"props\":{\"layout\":\"1-2,1-2\",\"column_gap\":\"large\",\"row_gap\":\"large\",\"divider\":false,\"margin\":\"large\",\"margin_remove_bottom\":false},\"children\":[{\"name\":\"\",\"type\":\"column\",\"props\":{\"image_position\":\"center-center\",\"media_overlay_gradient\":\"\",\"width_medium\":\"1-2\",\"vertical_align\":\"middle\",\"position_sticky_breakpoint\":\"m\"},\"children\":[{\"name\":\"\",\"type\":\"panel\",\"props\":{\"title_element\":\"h3\",\"margin\":\"default\",\"title\":\"Kostenloser Nachhilfeunterricht\",\"content\":\"\n\n<p>Wir bieten kostenlosen Unterricht f\\u00fcr Kinder aus Familien, die Arbeitslosengeld, Sozialgeld, Wohngeld, Kinderzuschlag oder Asylbewerber-Leistungen erhalten.<\\\/p>\",\"image_align\":\"top\",\"image_grid_width\":\"1-2\",\"link_style\":\"default\",\"link_text\":\"Read more\",\"meta_style\":\"meta\",\"meta_align\":\"above-title\",\"meta\":\"\",\"image_svg_color\":\"emphasis\",\"title_align\":\"top\",\"title_grid_width\":\"1-2\",\"title_grid_breakpoint\":\"m\",\"image_grid_breakpoint\":\"m\",\"icon_width\":80,\"title_hover_style\":\"reset\",\"content_column_breakpoint\":\"m\",\"meta_element\":\"div\"}},{\"name\":\"\",\"type\":\"panel\",\"props\":{\"title_element\":\"h3\",\"margin\":\"medium\",\"title\":\"Sie brauchen Hilfe?\",\"content\":\"\n\n<p>Wir \\u00fcbernehmen die komplette Antragstellung oder helfen beim Ausf\\u00fcllen der Formulare. Die Formulare gibt es bei uns. Die Schule best\\u00e4tigt dann ggf. den Bedarf und los geht's mit dem Unterricht.<\\\/p>\",\"image_align\":\"top\",\"image_grid_width\":\"1-2\",\"link_style\":\"default\",\"link_text\":\"Read more\",\"meta_style\":\"meta\",\"meta_align\":\"above-title\",\"meta\":\"\",\"image_svg_color\":\"emphasis\",\"title_align\":\"top\",\"title_grid_width\":\"1-2\",\"title_grid_breakpoint\":\"m\",\"image_grid_breakpoint\":\"m\",\"icon_width\":80,\"title_hover_style\":\"reset\",\"content_column_breakpoint\":\"m\",\"meta_element\":\"div\"}}]},{\"name\":\"\",\"type\":\"column\",\"props\":{\"image_position\":\"center-center\",\"media_overlay_gradient\":\"\",\"width_medium\":\"1-2\",\"position_sticky_breakpoint\":\"m\"},\"children\":[]}]},{\"type\":\"row\",\"props\":{\"layout\":\"1-3,1-3,1-3\",\"margin_remove_top\":true,\"match\":false},\"children\":[{\"type\":\"column\",\"props\":{\"image_position\":\"center-center\",\"media_overlay_gradient\":\"\",\"width_medium\":\"\",\"vertical_align\":\"middle\",\"width_small\":\"1-3\",\"position_sticky_breakpoint\":\"m\"},\"children\":[{\"type\":\"image\",\"props\":{\"margin\":\"large\",\"image_svg_color\":\"emphasis\",\"image\":\"wp-content\\\/uploads\\\/2021\\\/09\\\/bildungspaket_neu_klein.png\",\"image_border\":\"rounded\",\"image_width\":\"300\"}}]},{\"type\":\"column\",\"props\":{\"image_position\":\"center-center\",\"media_overlay_gradient\":\"\",\"width_medium\":\"\",\"vertical_align\":\"middle\",\"width_small\":\"1-3\",\"position_sticky_breakpoint\":\"m\"},\"children\":[{\"type\":\"image\",\"props\":{\"margin\":\"default\",\"image_svg_color\":\"emphasis\",\"image\":\"wp-content\\\/uploads\\\/2021\\\/09\\\/Bildungskarte.png\",\"image_width\":\"300\"}}]},{\"type\":\"column\",\"props\":{\"image_position\":\"center-center\",\"media_overlay_gradient\":\"\",\"width_medium\":\"\",\"width_small\":\"1-3\",\"position_sticky_breakpoint\":\"m\"},\"children\":[]}]}]},{\"name\":\"Feature list\",\"type\":\"section\",\"props\":{\"image_size\":\"cover\",\"width\":\"default\",\"padding\":\"large\",\"style\":\"muted\",\"animation\":\"slide-bottom-medium\",\"image_position\":\"center-center\",\"vertical_align\":\"middle\",\"title_position\":\"top-left\",\"title_rotation\":\"left\",\"title_breakpoint\":\"xl\"},\"children\":[{\"name\":\"\",\"type\":\"row\",\"children\":[{\"name\":\"\",\"type\":\"column\",\"props\":{\"image_position\":\"center-center\",\"media_overlay_gradient\":\"\",\"width_medium\":\"1-1\",\"position_sticky_breakpoint\":\"m\"},\"children\":[{\"type\":\"grid\",\"props\":{\"show_title\":true,\"show_meta\":true,\"show_content\":true,\"show_image\":true,\"show_link\":true,\"grid_default\":\"1\",\"grid_medium\":\"3\",\"filter_style\":\"tab\",\"filter_all\":true,\"filter_position\":\"top\",\"filter_align\":\"left\",\"filter_grid_width\":\"auto\",\"title_element\":\"h3\",\"title_align\":\"top\",\"title_grid_width\":\"1-2\",\"meta_style\":\"meta\",\"meta_align\":\"below-title\",\"icon_ratio\":\"1.2\",\"image_align\":\"left\",\"image_grid_width\":\"1-5\",\"image_svg_color\":\"emphasis\",\"link_text\":\"Jetzt Kontakt aufnehmen\",\"link_style\":\"default\",\"margin\":\"default\",\"item_animation\":true,\"grid_small\":\"2\",\"title_style\":\"h3\",\"text_align\":\"left\",\"text_align_breakpoint\":\"m\",\"text_align_fallback\":\"center\",\"filter_grid_breakpoint\":\"m\",\"title_grid_breakpoint\":\"m\",\"image_grid_breakpoint\":\"m\",\"title_hover_style\":\"reset\",\"content_column_breakpoint\":\"m\",\"icon_width\":80,\"meta_element\":\"div\"},\"children\":[{\"type\":\"grid_item\",\"props\":{\"icon\":\"check\",\"title\":\"Qualifiziert und professionell\",\"content\":\"\n\n<p>Durch die qualifizierte fachliche Betreuung werden Schw\\u00e4chen erkannt, so dass Defizite abgebaut und individuelle Lernstrategien vermittelt werden k\\u00f6nnen \\u2013 durch gezieltes \\u00dcben werden die Sch\\u00fcler\\\/-innen auf Klassenarbeiten vorbereitet.<\\\/p>\"}},{\"type\":\"grid_item\",\"props\":{\"icon\":\"copy\",\"title\":\"Kostenlose \\u00dcbungsmaterialien\",\"content\":\"\n\n<p>Die Sch\\u00fcler\\\/-innen bekommen von uns das neueste, aktuellste \\u00dcbungsmaterial zur Verf\\u00fcgung gestellt.<\\\/p>\"}},{\"type\":\"grid_item\",\"props\":{\"icon\":\"comment\",\"title\":\"Wir sind f\\u00fcr Sie da\",\"content\":\"\n\n<p>Lassen Sie sich kostenlos und unverbindlich beraten!<\\\/p>\",\"link\":\"http:\\\/\\\/lerntreff-nordenham.de\\\/#kontakt\"}}]}]}]}]},{\"type\":\"section\",\"props\":{\"style\":\"default\",\"width\":\"default\",\"vertical_align\":\"middle\",\"title_position\":\"top-left\",\"title_rotation\":\"left\",\"title_breakpoint\":\"xl\",\"image_position\":\"center-center\"},\"children\":[{\"type\":\"row\",\"children\":[{\"type\":\"column\",\"props\":{\"image_position\":\"center-center\",\"media_overlay_gradient\":\"\",\"position_sticky_breakpoint\":\"m\"},\"children\":[{\"type\":\"headline\",\"props\":{\"title_element\":\"h1\",\"content\":\"Wie funktioniert die kostenlose Lernf\\u00f6rderung?\"}},{\"type\":\"text\",\"props\":{\"margin\":\"default\",\"column_breakpoint\":\"m\",\"content\":\"\n\n<p>Kinder aus Familien, die staatliche Leistungen wie Arbeitslosengeld, Kinderzuschlag, Sozialgeld, Wohngeld, Sozialhilfe oder Asylbewerber-Leistungen bekommen, k\\u00f6nnen eine kostenlose Lernf\\u00f6rderung erhalten. Die Schule muss die Notwendigkeit best\\u00e4tigen. Sind diese Voraussetzungen erf\\u00fcllt und der Antrag wurde bewilligt, wird ihre Bildungskarte f\\u00fcr die Lernf\\u00f6rderung freigeschaltet. Die Karte legen Sie dann einfach beim Nachhilfeanbieter vor und die Kosten f\\u00fcr den Unterricht werden vom Jobcenter oder Landkreis \\u00fcbernommen. Wenn Sie m\\u00f6chten, beraten und unterst\\u00fctzen wir Sie w\\u00e4hrend des kompletten Ablaufs - von der Antragsstellung bis zur rechtzeitigen Erinnerung an die Verl\\u00e4ngerung, um Ihrem Kind die bestm\\u00f6gliche Unterst\\u00fctzung zu bieten.<\\\/p>\\n\n\n<p><\\\/p>\\n\n\n<p>Wenn Sie f\\u00fcr Ihr Kind noch keine Leistungen aus Bildung und Teilhabe erhalten, k\\u00f6nnen Sie sich <strong><a href=\\\"https:\\\/\\\/www.jobcenter-ge.de\\\/Jobcenter\\\/Wesermarsch\\\/DE\\\/Leistungen\\\/BildungTeilhabe\\\/bildung_node.html\\\">hier<\\\/a> <\\\/strong>informieren.<\\\/p>\"}}]}]}]},{\"name\":\"Kontakt\",\"type\":\"section\",\"props\":{\"style\":\"muted\",\"width\":\"default\",\"vertical_align\":\"middle\",\"title_position\":\"top-left\",\"title_rotation\":\"left\",\"title_breakpoint\":\"xl\",\"image_position\":\"center-center\",\"id\":\"kontakt\",\"padding\":\"large\"},\"children\":[{\"name\":\"\",\"type\":\"row\",\"children\":[{\"name\":\"\",\"type\":\"column\",\"props\":{\"image_position\":\"center-center\",\"media_overlay_gradient\":\"\",\"width_medium\":\"1-2\",\"style\":\"default\",\"position_sticky_breakpoint\":\"m\"},\"children\":[{\"name\":\"\",\"type\":\"headline\",\"props\":{\"title_element\":\"h2\",\"content\":\"Jetzt Kontakt aufnehmen\",\"title_style\":\"h1\"}},{\"type\":\"text\",\"props\":{\"margin\":\"default\",\"column_breakpoint\":\"m\",\"content\":\"\n\n<p>Wenn Sie eine Kontaktaufnahme w\\u00fcnschen, dann f\\u00fcllen Sie bitte das Feedback-Formular aus und wir werden uns mit Ihnen in Verbindung setzen. Ihre Daten werden nur f\\u00fcr die Beantwortung Ihrer Anfrage gespeichert. Mehr erfahren Sie in unserer <a href=\\\"#\\\">Datenschutzerkl\\u00e4rung<\\\/a>.<\\\/p>\",\"text_style\":\"lead\"}},{\"type\":\"text\",\"props\":{\"margin\":\"default\",\"column_breakpoint\":\"m\",\"content\":\"\n\n<p>[contact-form-7 id=\\\"133\\\" title=\\\"Kontaktformular 1\\\"]<\\\/p>\",\"css\":\"input[type=\\\"text\\\"],\\ninput[type=\\\"tel\\\"],\\ninput[type=\\\"email\\\"],\\ntextarea\\n{\\n    background-color: #fff8e5;\\n    border-width: 0px;\\n    padding: 7px;\\n    color: #000;\\n    width: 100%;\\n    font-family: inherit; \\nfont-size: 15px;\\n\\n}\\n\\n.wpcf7 .wpcf7-submit{\\n    border-width: 4px; \\n    border-style: solid;\\n    border-color: #fcc136;\\n        padding: 10px;\\n     font-family: inherit;\\n    font-size: 15px;\\n    text-transform: uppercase;\\nletter-spacing: 2px;\\n    \\n    color: #fcc136;\\nbackground-color: #fff;\\n    width: 30%;\\n}\\n    \"}}]},{\"type\":\"column\",\"props\":{\"image_position\":\"center-center\",\"media_overlay_gradient\":\"\",\"width_medium\":\"1-2\",\"position_sticky_breakpoint\":\"m\"},\"children\":[{\"type\":\"map\",\"props\":{\"show_title\":true,\"show_meta\":false,\"show_content\":true,\"show_image\":true,\"show_link\":true,\"type\":\"roadmap\",\"zoom\":10,\"controls\":true,\"zooming\":false,\"dragging\":false,\"min_zoom\":0,\"max_zoom\":18,\"title_hover_style\":\"reset\",\"title_element\":\"h3\",\"meta_style\":\"meta\",\"meta_align\":\"below-title\",\"meta_element\":\"div\",\"image_svg_color\":\"emphasis\",\"link_text\":\"Read more\",\"link_style\":\"default\",\"margin\":\"default\"},\"children\":[{\"type\":\"map_item\",\"props\":{\"location\":\"53.4879,8.4845\",\"link\":\"https:\\\/\\\/www.google.com\\\/maps\\\/place\\\/Lerntreff+Nachhilfe-Zentrum+Nordenham\\\/@53.4877935,8.4814628,17z\\\/data=!3m1!4b1!4m5!3m4!1s0x47b6b9d72ece4a6d:0x95e937044dd7f93f!8m2!3d53.4878504!4d8.4836538\",\"link_text\":\"Zur Navigation\",\"title\":\"Lerntreff Nordenham\",\"content\":\"\n\n<p>Hafenstra\\u00dfe 29<br \\\/>26954 Nordenham<\\\/p>\"}}]},{\"type\":\"image\",\"props\":{\"margin\":\"large\",\"image_svg_color\":\"emphasis\",\"image\":\"wp-content\\\/uploads\\\/2021\\\/08\\\/logo_lerntreff_gross_dunkel_2.png\",\"image_width\":\"300\"}},{\"name\":\"\",\"type\":\"text\",\"props\":{\"margin\":\"medium\",\"column_breakpoint\":\"m\",\"content\":\"\n\n<p><strong>Lerntreff - Das Nachhilfe-Zentrum in Nordenham<\\\/strong><br \\\/>Hafenstra\\u00dfe 29, 26954 Nordenham<br \\\/>Telefon: 04731 \\\/ 24 83 42<br \\\/>Mail: <a href=\\\"mailto:info@lerntreff-nordenham.de\\\">info@lerntreff-nordenham.de<\\\/a><\\\/p>\\n\n\n<p>Der Lerntreff liegt zentral in Nordenham in der N\\u00e4he des Bahnhofs und zahlreicher Bushaltestellen.<\\\/p>\",\"text_style\":\"lead\",\"text_align\":\"left\",\"maxwidth\":\"xlarge\",\"margin_remove_bottom\":true}}]}],\"props\":{\"layout\":\"1-2,1-2\",\"column_gap\":\"large\"}}],\"modified\":\"2021-09-22T06:27:19.871Z\"}],\"version\":\"2.7.22\"} --><\/p>\n","protected":false},"excerpt":{"rendered":"<p>Kostenlose Lernf\u00f6rderung Kostenloser Nachhilfeunterricht Wir bieten kostenlosen Unterricht f\u00fcr Kinder aus Familien, die Arbeitslosengeld, Sozialgeld, Wohngeld, Kinderzuschlag oder Asylbewerber-Leistungen erhalten. Sie brauchen Hilfe? Wir \u00fcbernehmen die komplette Antragstellung oder helfen beim Ausf\u00fcllen der Formulare. Die Formulare gibt es bei uns. Die Schule best\u00e4tigt dann ggf. den Bedarf und los geht&#8217;s mit dem Unterricht. Qualifiziert und [&hellip;]<\/p>\n","protected":false},"author":2,"featured_media":0,"parent":0,"menu_order":0,"comment_status":"closed","ping_status":"closed","template":"","meta":{"footnotes":""},"class_list":["post-241","page","type-page","status-publish","hentry"],"_links":{"self":[{"href":"https:\/\/lerntreff-nordenham.de\/index.php\/wp-json\/wp\/v2\/pages\/241","targetHints":{"allow":["GET"]}}],"collection":[{"href":"https:\/\/lerntreff-nordenham.de\/index.php\/wp-json\/wp\/v2\/pages"}],"about":[{"href":"https:\/\/lerntreff-nordenham.de\/index.php\/wp-json\/wp\/v2\/types\/page"}],"author":[{"embeddable":true,"href":"https:\/\/lerntreff-nordenham.de\/index.php\/wp-json\/wp\/v2\/users\/2"}],"replies":[{"embeddable":true,"href":"https:\/\/lerntreff-nordenham.de\/index.php\/wp-json\/wp\/v2\/comments?post=241"}],"version-history":[{"count":82,"href":"https:\/\/lerntreff-nordenham.de\/index.php\/wp-json\/wp\/v2\/pages\/241\/revisions"}],"predecessor-version":[{"id":706,"href":"https:\/\/lerntreff-nordenham.de\/index.php\/wp-json\/wp\/v2\/pages\/241\/revisions\/706"}],"wp:attachment":[{"href":"https:\/\/lerntreff-nordenham.de\/index.php\/wp-json\/wp\/v2\/media?parent=241"}],"curies":[{"name":"wp","href":"https:\/\/api.w.org\/{rel}","templated":true}]}}